{"id":20,"date":"2024-05-22T13:40:40","date_gmt":"2024-05-22T13:40:40","guid":{"rendered":"https:\/\/startersites.io\/blocksy\/furniture\/?page_id=20"},"modified":"2025-02-25T17:08:35","modified_gmt":"2025-02-25T15:08:35","slug":"kapcsolatfelvetel","status":"publish","type":"page","link":"https:\/\/zbranebudai.sk\/hu\/contact-us\/","title":{"rendered":"Kapcsolat"},"content":{"rendered":"\n<div class=\"wp-block-greenshift-blocks-container alignwide gspb_container gspb_container-gsbp-bdd2e83\" id=\"gspb_container-id-gsbp-bdd2e83\"><div class=\"gspb_backgroundOverlay\"><\/div><h2 style=\"margin-top:0;\" class=\"ct-dynamic-data wp-elements-f81743ea2a408759fd06141c4c623161 has-text-color has-white-color has-large-font-size\">Kontakt<\/h2>\n\n<\/div>\n\n\n\n<div class=\"wp-block-greenshift-blocks-row gspb_row gspb_row-id-gsbp-e73c66d gspb_row--gutter-custom-0\" id=\"gspb_row-id-gsbp-e73c66d\"><div class=\"gspb_row__content\"> \n<div class=\"wp-block-greenshift-blocks-row-column gspb_row__col--6 gspb_row__col--md-12 gspb_col-id-gsbp-e809f15\" id=\"gspb_col-id-gsbp-e809f15\">\n<h3 id=\"gspb_heading-id-gsbp-7970b2e\" class=\"gspb_heading gspb_heading-id-gsbp-7970b2e \">Spojte sa s nami<\/h3>\n\n\n\n<div id=\"gspb_text-id-gsbp-59bc894\" class=\"gspb_text gspb_text-id-gsbp-59bc894 \">Kontaktujte n\u00e1s vyplnen\u00edm formul\u00e1ra ni\u017e\u0161ie.<\/div>\n\n\n<div class='fluentform ff-inherit-theme-style fluentform_wrapper_1  ff_guten_block ff_guten_block-1'><form data-form_id=\"1\" id=\"fluentform_1\" class=\"frm-fluent-form fluent_form_1 ff-el-form-top ff_form_instance_1_1 ff-form-loading ffs_inherit_theme\" data-form_instance=\"ff_form_instance_1_1\" method=\"POST\" data-turnstile_key=\"0x4AAAAAAA-mObBeEKVBAg9v\" ><fieldset  style=\"border: none!important;margin: 0!important;padding: 0!important;background-color: transparent!important;box-shadow: none!important;outline: none!important; min-inline-size: 100%;\">\n                    <legend class=\"ff_screen_reader_title\" style=\"display: block; margin: 0!important;padding: 0!important;height: 0!important;text-indent: -999999px;width: 0!important;overflow:hidden;\">Contact Form<\/legend><input type='hidden' name='__fluent_form_embded_post_id' value='20' \/><input type=\"hidden\" id=\"_fluentform_1_fluentformnonce\" name=\"_fluentform_1_fluentformnonce\" value=\"549cc82bdb\" \/><input type=\"hidden\" name=\"_wp_http_referer\" value=\"\/hu\/wp-json\/wp\/v2\/pages\/20\" \/><div data-name=\"ff_cn_id_1\"  class='ff-t-container ff-column-container ff_columns_total_2 '><div class='ff-t-cell ff-t-column-1' style='flex-basis: 50%;'><div data-type=\"name-element\" data-name=\"names\" class=\" ff-field_container ff-name-field-wrapper\" ><div class='ff-t-container'><div class='ff-t-cell '><div class='ff-el-group ff-el-form-top'><div class=\"ff-el-input--label ff-el-is-required asterisk-right\"><label for='ff_1_names_first_name_' id='label_ff_1_names_first_name_' >Meno<\/label><\/div><div class='ff-el-input--content'><input type=\"text\" name=\"names[first_name]\" id=\"ff_1_names_first_name_\" class=\"ff-el-form-control\" aria-invalid=\"false\" aria-required=true><\/div><\/div><\/div><\/div><\/div><\/div><div class='ff-t-cell ff-t-column-2' style='flex-basis: 50%;'><div class='ff-el-group'><div class=\"ff-el-input--label ff-el-is-required asterisk-right\"><label for='ff_1_email' id='label_ff_1_email' aria-label=\"Email\">Email<\/label><\/div><div class='ff-el-input--content'><input type=\"email\" name=\"email\" id=\"ff_1_email\" class=\"ff-el-form-control\" data-name=\"email\"  aria-invalid=\"false\" aria-required=true><\/div><\/div><\/div><\/div><div class='ff-el-group'><div class=\"ff-el-input--label asterisk-right\"><label for='ff_1_subject' id='label_ff_1_subject' aria-label=\"Predmet\">Predmet<\/label><\/div><div class='ff-el-input--content'><input type=\"text\" name=\"subject\" class=\"ff-el-form-control\" data-name=\"subject\" id=\"ff_1_subject\"  aria-invalid=\"false\" aria-required=false><\/div><\/div><div class='ff-el-group'><div class=\"ff-el-input--label ff-el-is-required asterisk-right\"><label for='ff_1_message' id='label_ff_1_message' aria-label=\"Spr\u00e1va\">Spr\u00e1va<\/label><\/div><div class='ff-el-input--content'><textarea aria-required=\"true\" aria-labelledby=\"label_ff_1_message\" name=\"message\" id=\"ff_1_message\" class=\"ff-el-form-control\" rows=\"4\" cols=\"2\" data-name=\"message\" ><\/textarea><\/div><\/div><div class='ff-el-group ' ><div class='ff-el-input--content'><div data-fluent_id='1' name='cf-turnstile-response'><div\n\t\tdata-sitekey='0x4AAAAAAA-mObBeEKVBAg9v'\n\t\tdata-theme='auto'\n\t\tid='fluentform-turnstile-1-1'\n\t\tclass='ff-el-turnstile cf-turnstile'\n\t\tdata-appearance='always'><\/div><\/div><\/div><\/div><div class='ff-el-group ff-text-left ff_submit_btn_wrapper'><button type=\"submit\" class=\"ff-btn ff-btn-submit ff-btn-md ff_btn_no_style\"  aria-label=\"Posla\u0165 spr\u00e1vu\">Posla\u0165 spr\u00e1vu<\/button><\/div><\/fieldset><\/form><div id='fluentform_1_errors' class='ff-errors-in-stack ff_form_instance_1_1 ff-form-loading_errors ff_form_instance_1_1_errors'><\/div><\/div>            <script type=\"text\/javascript\">\n                window.fluent_form_ff_form_instance_1_1 = {\"id\":\"1\",\"settings\":{\"layout\":{\"labelPlacement\":\"top\",\"helpMessagePlacement\":\"with_label\",\"errorMessagePlacement\":\"inline\",\"cssClassName\":\"\",\"asteriskPlacement\":\"asterisk-right\"},\"restrictions\":{\"denyEmptySubmission\":{\"enabled\":false}}},\"form_instance\":\"ff_form_instance_1_1\",\"form_id_selector\":\"fluentform_1\",\"rules\":{\"names[first_name]\":{\"required\":{\"value\":true,\"message\":\"This field is required\",\"global_message\":\"This field is required\",\"global\":true}},\"names[middle_name]\":{\"required\":{\"value\":false,\"message\":\"This field is required\",\"global_message\":\"This field is required\",\"global\":true}},\"names[last_name]\":{\"required\":{\"value\":false,\"message\":\"This field is required\",\"global_message\":\"This field is required\",\"global\":true}},\"email\":{\"required\":{\"value\":true,\"message\":\"This field is required\",\"global\":false,\"global_message\":\"This field is required\"},\"email\":{\"value\":true,\"message\":\"This field must contain a valid email\",\"global\":false,\"global_message\":\"This field must contain a valid email\"}},\"subject\":{\"required\":{\"value\":false,\"message\":\"This field is required\",\"global\":false,\"global_message\":\"This field is required\"}},\"message\":{\"required\":{\"value\":true,\"message\":\"This field is required\",\"global\":false,\"global_message\":\"This field is required\"}}},\"debounce_time\":300};\n                            <\/script>\n            <\/div>\n\n\n\n<div class=\"wp-block-greenshift-blocks-row-column gspb_row__col--6 gspb_row__col--md-12 gspb_col-id-gsbp-88ec4bb\" id=\"gspb_col-id-gsbp-88ec4bb\">\n<h3 id=\"gspb_heading-id-gsbp-6d14781\" class=\"gspb_heading gspb_heading-id-gsbp-6d14781 \">Zbranebudai <\/h3>\n\n\n\n<div id=\"gspb_text-id-gsbp-a762f09\" class=\"gspb_text gspb_text-id-gsbp-a762f09 \">N\u00e1jdete n\u00e1s na adrese uvedenej ni\u017e\u0161ie<\/div>\n\n\n<div class=\"gspb_id-gsbp-1ec3cd7 wp-block-greenshift-blocks-map\"><div data-key=\"gspb_id_gsbp_1ec3cd7\" class=\"gspb_map-wrapper gspb_osmap\" id=\"gspb_map-gsbp-1ec3cd7\"><\/div><\/div>\n\n\n<div class=\"wp-block-greenshift-blocks-row gspb_row gspb_row-id-gsbp-78acb94 gspb_row--gutter-custom-0\" id=\"gspb_row-id-gsbp-78acb94\"><div class=\"gspb_row__content\"> \n<div class=\"wp-block-greenshift-blocks-row-column gspb_row__col--4 gspb_col-id-gsbp-0695d1b\" id=\"gspb_col-id-gsbp-0695d1b\">\n<h5 id=\"gspb_heading-id-gsbp-7afaa9e\" class=\"gspb_heading gspb_heading-id-gsbp-7afaa9e \">Adresa<\/h5>\n\n\n\n<div id=\"gspb_text-id-gsbp-5a55f64\" class=\"gspb_text gspb_text-id-gsbp-5a55f64 \">Cesta slobody 462,<br>991 28 Vinica<\/div>\n<\/div>\n\n\n\n<div class=\"wp-block-greenshift-blocks-row-column gspb_row__col--4 gspb_col-id-gsbp-c80cda2\" id=\"gspb_col-id-gsbp-c80cda2\">\n<h5 id=\"gspb_heading-id-gsbp-793eb4b\" class=\"gspb_heading gspb_heading-id-gsbp-793eb4b \">Telef\u00f3n<\/h5>\n\n\n\n<div id=\"gspb_text-id-gsbp-86e0318\" class=\"gspb_text gspb_text-id-gsbp-86e0318 \"><a href=\"tel:+421917860133\">+421 917 860 133<\/a><\/div>\n<\/div>\n\n\n\n<div class=\"wp-block-greenshift-blocks-row-column gspb_row__col--4 gspb_col-id-gsbp-358945c\" id=\"gspb_col-id-gsbp-358945c\">\n<h5 id=\"gspb_heading-id-gsbp-99e6854\" class=\"gspb_heading gspb_heading-id-gsbp-99e6854 \">Email<\/h5>\n\n\n\n<div id=\"gspb_text-id-gsbp-74233b0\" class=\"gspb_text gspb_text-id-gsbp-74233b0 \">info@zbranebudai.sk<\/div>\n<\/div>\n <\/div><\/div>\n<\/div>\n <\/div><\/div>\n\n\n\n<div class=\"wp-block-greenshift-blocks-row alignfull gspb_row gspb_row-id-gsbp-3b74737\" id=\"gspb_row-id-gsbp-3b74737\"><div class=\"gspb_row__content\">  <\/div><\/div>\n\n\n\n<section class=\"gsbp-248cf40 alignfull\">\n<div class=\"gsbp-588e4c1\"><\/div>\n<\/section>\n","protected":false},"excerpt":{"rendered":"","protected":false},"author":1,"featured_media":0,"parent":0,"menu_order":0,"comment_status":"closed","ping_status":"closed","template":"","meta":{"_gspb_post_css":".gspb_container-id-gsbp-bdd2e83{flex-direction:column;box-sizing:border-box}#gspb_container-id-gsbp-bdd2e83.gspb_container>p:last-of-type{margin-bottom:0}#gspb_container-id-gsbp-bdd2e83.gspb_container{position:relative;display:flex;flex-direction:column;justify-content:center;align-items:center;margin-top:50px;margin-bottom:60px;overflow:hidden}@media (max-width:991.98px){#gspb_container-id-gsbp-bdd2e83.gspb_container{margin-top:30px;margin-bottom:40px}}#gspb_container-id-gsbp-bdd2e83.gspb_container,#gspb_container-id-gsbp-bdd2e83.gspb_container>.gspb_backgroundOverlay{border-top-left-radius:30px;border-top-right-radius:30px;border-bottom-right-radius:30px;border-bottom-left-radius:30px}@media (max-width:991.98px){#gspb_container-id-gsbp-bdd2e83.gspb_container{border-top-left-radius:20px;border-top-right-radius:20px;border-bottom-right-radius:20px;border-bottom-left-radius:20px}}@media (max-width:991.98px){#gspb_container-id-gsbp-bdd2e83.gspb_container>.gspb_backgroundOverlay{border-top-left-radius:20px;border-top-right-radius:20px;border-bottom-right-radius:20px;border-bottom-left-radius:20px}}#gspb_container-id-gsbp-bdd2e83.gspb_container{background-size:cover;background-repeat:no-repeat;background-position:52% 32%;background-image:url(https:\/\/zbranebudai.sk\/wp-content\/uploads\/2024\/11\/zbrane_budai_uzlet.webp);isolation:isolate;height:350px}#gspb_container-id-gsbp-bdd2e83.gspb_container:hover{background-size:cover}#gspb_container-id-gsbp-bdd2e83.gspb_container>.gspb_backgroundOverlay{position:absolute;top:0;left:0;width:100%;height:100%;z-index:-1;opacity:1;background-color:#15242069}@media (max-width:991.98px){#gspb_container-id-gsbp-bdd2e83.gspb_container{height:300px}}#gspb_row-id-gsbp-e73c66d{justify-content:space-between;margin-top:0;display:flex;flex-wrap:wrap;margin-bottom:60px}#gspb_row-id-gsbp-e73c66d>.gspb_row__content{display:flex;justify-content:space-between;margin:0 auto;width:100%;flex-wrap:wrap}div[id^=gspb_col-id]{box-sizing:border-box;position:relative;padding:var(--gs-row-column-padding, 15px min(3vw, 20px))}@media (max-width:991.98px){#gspb_row-id-gsbp-e73c66d>.gspb_row__content{row-gap:50px}}body.gspb-bodyfront #gspb_row-id-gsbp-e73c66d>.gspb_row__content{width:var(--theme-container-width, 1200px);max-width:var(--theme-normal-container-max-width, 1200px)}#gspb_col-id-gsbp-e809f15.gspb_row__col--6{width:calc(50% - 25px)}@media (max-width:991.98px){#gspb_col-id-gsbp-e809f15.gspb_row__col--6{width:100%}}@media (max-width:767.98px){#gspb_col-id-gsbp-e809f15.gspb_row__col--6{width:calc(100% - 25px)}}@media (max-width:575.98px){#gspb_col-id-gsbp-e809f15.gspb_row__col--6{width:100%}}.fluentform fieldset>.ff-el-group:last-child{margin-bottom:0}.gspb_row #gspb_col-id-gsbp-e809f15.gspb_row__col--6{padding:40px}@media (max-width:991.98px){.gspb_row #gspb_col-id-gsbp-e809f15.gspb_row__col--6{padding:30px}}#gspb_col-id-gsbp-e809f15.gspb_row__col--6{background-color:#fff;flex-direction:column}body #gspb_col-id-gsbp-e809f15.gspb_row__col--6{display:flex}#gspb_col-id-gsbp-e809f15.gspb_row__col--6,#gspb_col-id-gsbp-e809f15.gspb_row__col--6>.gspb_backgroundOverlay{border-top-left-radius:20px;border-top-right-radius:20px;border-bottom-right-radius:20px;border-bottom-left-radius:20px}#gspb_heading-id-gsbp-7970b2e{font-size:25px;margin-top:0}.gspb_text-id-gsbp-59bc894{margin-top:0!important;margin-bottom:40px!important}#gspb_col-id-gsbp-88ec4bb.gspb_row__col--6{width:calc(50% - 25px)}@media (max-width:991.98px){#gspb_col-id-gsbp-88ec4bb.gspb_row__col--6{width:100%}}@media (max-width:767.98px){#gspb_col-id-gsbp-88ec4bb.gspb_row__col--6{width:calc(100% - 25px)}}@media (max-width:575.98px){#gspb_col-id-gsbp-88ec4bb.gspb_row__col--6{width:100%}}.gspb_row #gspb_col-id-gsbp-0695d1b.gspb_row__col--4,.gspb_row #gspb_col-id-gsbp-358945c.gspb_row__col--4,.gspb_row #gspb_col-id-gsbp-88ec4bb.gspb_row__col--6,.gspb_row #gspb_col-id-gsbp-c80cda2.gspb_row__col--4{padding:0}#gspb_heading-id-gsbp-6d14781{font-size:25px}@media (max-width:991.98px){#gspb_heading-id-gsbp-6d14781,#gspb_heading-id-gsbp-6d14781 .gsap-g-line{text-align:center!important}}#gspb_heading-id-gsbp-6d14781{margin-top:0}@media (max-width:991.98px){.gspb_text-id-gsbp-a762f09,.gspb_text-id-gsbp-a762f09 .gsap-g-line{text-align:center!important}}.gspb_text-id-gsbp-a762f09{margin-bottom:40px!important}#gspb_row-id-gsbp-78acb94{justify-content:space-between;margin-top:0;margin-bottom:0;display:flex;flex-wrap:wrap}#gspb_row-id-gsbp-78acb94>.gspb_row__content{display:flex;justify-content:space-between;margin:0 auto;width:100%;flex-wrap:wrap}#gspb_col-id-gsbp-0695d1b.gspb_row__col--4{width:calc(33.333333333333336% - 15px)}@media (max-width:991.98px){#gspb_col-id-gsbp-0695d1b.gspb_row__col--4{width:calc(33.333333333333336% - 15px)}}@media (max-width:767.98px){#gspb_col-id-gsbp-0695d1b.gspb_row__col--4{width:calc(33.333333333333336% - 15px)}}@media (max-width:575.98px){#gspb_col-id-gsbp-0695d1b.gspb_row__col--4{width:100%}}#gspb_heading-id-gsbp-7afaa9e{font-size:17px}@media (max-width:991.98px){#gspb_heading-id-gsbp-7afaa9e,#gspb_heading-id-gsbp-7afaa9e .gsap-g-line{text-align:center!important}}#gspb_heading-id-gsbp-7afaa9e{margin-top:0;margin-bottom:5px}.gspb_text-id-gsbp-5a55f64{font-size:15px}@media (max-width:991.98px){.gspb_text-id-gsbp-5a55f64,.gspb_text-id-gsbp-5a55f64 .gsap-g-line{text-align:center!important}}#gspb_col-id-gsbp-c80cda2.gspb_row__col--4{width:calc(33.333333333333336% - 15px)}@media (max-width:991.98px){#gspb_col-id-gsbp-c80cda2.gspb_row__col--4{width:calc(33.333333333333336% - 15px)}}@media (max-width:767.98px){#gspb_col-id-gsbp-c80cda2.gspb_row__col--4{width:calc(33.333333333333336% - 15px)}}@media (max-width:575.98px){#gspb_col-id-gsbp-c80cda2.gspb_row__col--4{width:100%}}#gspb_heading-id-gsbp-793eb4b{font-size:17px}@media (max-width:991.98px){#gspb_heading-id-gsbp-793eb4b,#gspb_heading-id-gsbp-793eb4b .gsap-g-line{text-align:center!important}}#gspb_heading-id-gsbp-793eb4b{margin-top:0;margin-bottom:5px}.gspb_text-id-gsbp-86e0318{font-size:15px}@media (max-width:991.98px){.gspb_text-id-gsbp-86e0318,.gspb_text-id-gsbp-86e0318 .gsap-g-line{text-align:center!important}}.gspb_text-id-gsbp-86e0318,.gspb_text-id-gsbp-86e0318 a{text-decoration:none}#gspb_col-id-gsbp-358945c.gspb_row__col--4{width:calc(33.333333333333336% - 15px)}@media (max-width:991.98px){#gspb_col-id-gsbp-358945c.gspb_row__col--4{width:calc(33.333333333333336% - 15px)}}@media (max-width:767.98px){#gspb_col-id-gsbp-358945c.gspb_row__col--4{width:calc(33.333333333333336% - 15px)}}@media (max-width:575.98px){#gspb_col-id-gsbp-358945c.gspb_row__col--4{width:100%}}#gspb_heading-id-gsbp-99e6854{font-size:17px}@media (max-width:991.98px){#gspb_heading-id-gsbp-99e6854,#gspb_heading-id-gsbp-99e6854 .gsap-g-line{text-align:center!important}}#gspb_heading-id-gsbp-99e6854{margin-top:0;margin-bottom:5px}.gspb_text-id-gsbp-74233b0{font-size:15px}@media (max-width:991.98px){.gspb_text-id-gsbp-74233b0,.gspb_text-id-gsbp-74233b0 .gsap-g-line{text-align:center!important}}#gspb_row-id-gsbp-3b74737{justify-content:space-between;margin-top:0;margin-bottom:0;display:flex;flex-wrap:wrap;padding-top:60px;padding-bottom:60px}#gspb_row-id-gsbp-3b74737>.gspb_row__content{display:flex;justify-content:space-between;margin:0 auto;width:100%;flex-wrap:wrap}.gsbp-248cf40,.gspb_row{position:relative}body.gspb-bodyfront #gspb_row-id-gsbp-3b74737>.gspb_row__content,body.gspb-bodyfront #gspb_row-id-gsbp-78acb94>.gspb_row__content{width:var(--theme-container-width, 1200px);max-width:var(--theme-normal-container-max-width, 1200px)}@media (max-width:991.98px){#gspb_row-id-gsbp-3b74737{padding-top:50px;padding-bottom:50px}}#gspb_row-id-gsbp-3b74737{background-color:var(--wp--preset--color--palette-color-6, var(--theme-palette-color-6, #EEF4F5))}.gsbp-248cf40{display:flex;justify-content:center;flex-direction:column;align-items:center;margin-top:0;margin-bottom:0}.gsbp-588e4c1{max-width:var(--theme-normal-container-max-width, 100%);width:var(--theme-container-width, 1200px)}.gspb_id-gsbp-1ec3cd7{display:flex;margin-bottom:40px;overflow:hidden;border-top-left-radius:20px;border-top-right-radius:20px;border-bottom-right-radius:20px;border-bottom-left-radius:20px}.gspb_id-gsbp-1ec3cd7 .gspb_map-wrapper{width:100%;height:360px;isolation:isolate}","footnotes":""},"class_list":["post-20","page","type-page","status-publish","hentry"],"blocksy_meta":{"has_hero_section":"disabled","vertical_spacing_source":"custom","content_area_spacing":"none","styles_descriptor":{"styles":{"desktop":"","tablet":"","mobile":""},"google_fonts":[],"version":6}},"_links":{"self":[{"href":"https:\/\/zbranebudai.sk\/hu\/wp-json\/wp\/v2\/pages\/20","targetHints":{"allow":["GET"]}}],"collection":[{"href":"https:\/\/zbranebudai.sk\/hu\/wp-json\/wp\/v2\/pages"}],"about":[{"href":"https:\/\/zbranebudai.sk\/hu\/wp-json\/wp\/v2\/types\/page"}],"author":[{"embeddable":true,"href":"https:\/\/zbranebudai.sk\/hu\/wp-json\/wp\/v2\/users\/1"}],"replies":[{"embeddable":true,"href":"https:\/\/zbranebudai.sk\/hu\/wp-json\/wp\/v2\/comments?post=20"}],"version-history":[{"count":10,"href":"https:\/\/zbranebudai.sk\/hu\/wp-json\/wp\/v2\/pages\/20\/revisions"}],"predecessor-version":[{"id":15829,"href":"https:\/\/zbranebudai.sk\/hu\/wp-json\/wp\/v2\/pages\/20\/revisions\/15829"}],"wp:attachment":[{"href":"https:\/\/zbranebudai.sk\/hu\/wp-json\/wp\/v2\/media?parent=20"}],"curies":[{"name":"wp","href":"https:\/\/api.w.org\/{rel}","templated":true}]}}