{"id":16,"date":"2024-05-22T13:40:16","date_gmt":"2024-05-22T13:40:16","guid":{"rendered":"https:\/\/startersites.io\/blocksy\/furniture\/?page_id=16"},"modified":"2024-11-29T18:57:48","modified_gmt":"2024-11-29T16:57:48","slug":"rolunk","status":"publish","type":"page","link":"https:\/\/zbranebudai.sk\/hu\/about-us\/","title":{"rendered":"R\u00f3lunk"},"content":{"rendered":"<div class=\"wp-block-greenshift-blocks-container alignwide gspb_container gspb_container-gsbp-bdd2e83\" id=\"gspb_container-id-gsbp-bdd2e83\"><div class=\"gspb_backgroundOverlay\"><\/div><h2 style=\"margin-top:0;\" class=\"ct-dynamic-data wp-elements-cb1757c1394126e345c13bfe2dcc4959 has-text-color has-white-color has-large-font-size\">R\u00f3lunk<\/h2>\n\n<\/div>\n\n\n\n<h3 id=\"gspb_heading-id-gsbp-55f1c58\" class=\"gspb_heading gspb_heading-id-gsbp-55f1c58\">A Zbrane Budai l\u00e9trej\u00f6tte<\/h3>\n\n\n\n<div class=\"wp-block-greenshift-blocks-row gspb_row gspb_row-id-gsbp-0537563 gspb_row--gutter-custom-0\" id=\"gspb_row-id-gsbp-0537563\"><div class=\"gspb_row__content\"> \n<div class=\"wp-block-greenshift-blocks-row-column gspb_row__col--6 gspb_col-id-gsbp-bbce5a3\" id=\"gspb_col-id-gsbp-bbce5a3\">\n<div id=\"gspb_text-id-gsbp-d53ce0e\" class=\"gspb_text gspb_text-id-gsbp-d53ce0e\">A nagy \u00e1lmok mindig egy gondolatb\u00f3l sz\u00fcletnek. N\u00e9ha egy egyszer\u0171 k\u00e9rd\u00e9s vagy felismer\u00e9s k\u00e9szteti az embert, hogy l\u00e9p\u00e9seket tegyen, \u00e9s megval\u00f3s\u00edtsa elk\u00e9pzel\u00e9seit. Sz\u00e1momra ez a felismer\u00e9s az volt, hogy nincs egy j\u00f3l felszerelt vad\u00e1szbolt a k\u00f6rny\u00e9k\u00fcnk\u00f6n, ahol minden harmadik f\u00e9rfi z\u00f6ldben j\u00e1r. \u00cdgy kezd\u0151d\u00f6tt a t\u00f6rt\u00e9netem, \u00e9s \u00edgy sz\u00fcletett meg a Zbrane Budai.<\/div>\n<\/div>\n\n\n\n<div class=\"wp-block-greenshift-blocks-row-column gspb_row__col--6 gspb_col-id-gsbp-6e88949\" id=\"gspb_col-id-gsbp-6e88949\">\n<div id=\"gspb_text-id-gsbp-dddf9a5\" class=\"gspb_text gspb_text-id-gsbp-dddf9a5\">Felvid\u00e9ki magyar v\u00e1llalkoz\u00f3k\u00e9nt \u00fagy \u00e9reztem, hogy sz\u00fcks\u00e9g van egy j\u00f3l felszerelt vad\u00e1szboltra, ahol nemcsak fegyvereket \u00e9s l\u0151szereket, hanem szakszer\u0171 kiszolg\u00e1l\u00e1st, seg\u00edts\u00e9get, \u00e9s technikai szolg\u00e1ltat\u00e1sokat is kaphatnak a v\u00e1s\u00e1rl\u00f3k. Ez\u00e9rt 2022 \u0151sz\u00e9n, minim\u00e1lis befektet\u00e9ssel \u00e9s jelent\u0151s kezdeti kiad\u00e1sokkal megalap\u00edtottam fegyver- \u00e9s l\u0151szerboltomat Ipolyny\u00e9ken, egy 15 n\u00e9gyzetm\u00e9teres kis helyis\u00e9gben. Rekl\u00e1m n\u00e9lk\u00fcl, csak sz\u00e1jr\u00f3l sz\u00e1jra terjed\u0151 h\u00edrn\u00e9v \u00e9s el\u00e9gedett v\u00e1s\u00e1rl\u00f3k aj\u00e1nl\u00e1s\u00e1val kezdt\u00fck el, munka mellett, kis l\u00e9p\u00e9sekben \u00e9p\u00edtkezve.<\/div>\n<\/div>\n <\/div><\/div>\n\n\n\n<div class=\"wp-block-greenshift-blocks-video gs-video youtube gspb_video-id-gsbp-9547740\" id=\"gs-video-gsbp-9547740\"><div class=\"gs-video-wrapper\" itemscope><iframe class=\"gs-video-element\" data-src=\"https:\/\/youtu.be\/fi16bsVDlTA\" data-provider=\"youtube\" data-autoplay=\"true\" data-playsinline=\"false\" data-controls=\"true\" data-loop=\"false\" data-mute=\"false\" data-overlay=\"true\" data-lightbox=\"true\" data-modestbranding=\"false\" data-suggested=\"true\" frameborder=\"0\" allowfullscreen><\/iframe><div class=\"gs-video-overlay\" style=\"background-image:url(https:\/\/zbranebudai.sk\/wp-content\/uploads\/2024\/11\/zbrane_budai_uzlet.webp)\" data-type=\"youtube\" data-lightbox=\"true\"><div class=\"gs-play-icon-custom\"><svg xmlns=\"http:\/\/www.w3.org\/2000\/svg\" style=\"width:5rem;height:5rem;margin:10px\" dataname=\"Layer 1\" viewbox=\"0 0 60 60\">  <path d=\"M30 0C13.4 0 0 13.4 0 30s13.4 30 30 30 30-13.4 30-30S46.6 0 30 0Zm10.7 31c-.2.3-.5.6-.8.8l-13.8 7.9c-.3.2-.7.3-1.1.3s-.7 0-1-.3-.6-.4-.8-.8c-.2-.3-.3-.7-.3-1V22.1c0-.4 0-.7.3-1 .2-.3.4-.6.8-.8s.7-.3 1-.3.7.1 1.1.3l13.8 7.9c.3.2.6.5.8.8.2.3.3.7.3 1s0 .7-.3 1Z\" style=\"fill:#fff;stroke-width:0\"><\/path>\n<\/svg><\/div><div class=\"gs-overlay-color\" style=\"background-color:;background-image:;opacity:0.5\"><\/div><\/div><\/div><\/div>\n\n\n\n<div class=\"wp-block-greenshift-blocks-container gspb_container gspb_container-gsbp-2bf8d53\" id=\"gspb_container-id-gsbp-2bf8d53\">\n<h3 id=\"gspb_heading-id-gsbp-b352ba4\" class=\"gspb_heading gspb_heading-id-gsbp-b352ba4\">FegyverekBudai<\/h3>\n\n\n\n<div id=\"gspb_text-id-gsbp-4c722aa\" class=\"gspb_text gspb_text-id-gsbp-4c722aa\">Fegyvereket \u00e9s l\u0151szereket \u00f6r\u00f6mmel!<\/div>\n<\/div>\n\n\n\n<div class=\"wp-block-greenshift-blocks-row gspb_row gspb_row-id-gsbp-f1d35d1 gspb_row--gutter-custom-0\" id=\"gspb_row-id-gsbp-f1d35d1\"><div class=\"gspb_row__content\"> \n<div class=\"wp-block-greenshift-blocks-row-column gspb_row__col--4 gspb_col-id-gsbp-dc70936\" id=\"gspb_col-id-gsbp-dc70936\">\n<div class=\"wp-block-greenshift-blocks-image gspb_image gspb_image-id-gsbp-f21725c\" id=\"gspb_image-id-gsbp-f21725c\"><img decoding=\"async\" src=\"https:\/\/zbranebudai.sk\/wp-content\/uploads\/2024\/11\/zbranebudai_jan_budai.webp\" data-src=\"\" alt=\"\" loading=\"lazy\" width=\"605\" height=\"632\"\/><\/div>\n\n\n\n<div class=\"wp-block-greenshift-blocks-container gspb_container gspb_container-gsbp-e96993f\" id=\"gspb_container-id-gsbp-e96993f\">\n<h6 id=\"gspb_heading-id-gsbp-9e0b0b8\" class=\"gspb_heading gspb_heading-id-gsbp-9e0b0b8\">Budai J\u00e1nos<\/h6>\n\n\n\n<div id=\"gspb_text-id-gsbp-2f1af96\" class=\"gspb_text gspb_text-id-gsbp-2f1af96\">alap\u00edt\u00f3, tulajdonos<\/div>\n<\/div>\n<\/div>\n <\/div><\/div>\n\n\n\n<div class=\"wp-block-greenshift-blocks-row gspb_row gspb_row-id-gsbp-472aee0 gspb_row--gutter-custom-0\" id=\"gspb_row-id-gsbp-472aee0\"><div class=\"gspb_row__content\"> \n<div class=\"wp-block-greenshift-blocks-row-column gspb_row__col--6 gspb_col-id-gsbp-7cd92c2\" id=\"gspb_col-id-gsbp-7cd92c2\">\n<h3 id=\"gspb_heading-id-gsbp-3e538a3\" class=\"gspb_heading gspb_heading-id-gsbp-3e538a3\">Fegyverbel\u0151v\u00e9st is v\u00e1llalunk<\/h3>\n\n\n\n<div id=\"gspb_text-id-gsbp-97564a5\" class=\"gspb_text gspb_text-id-gsbp-97564a5\">Szolg\u00e1ltat\u00e1saink k\u00f6z\u00f6tt a fegyverbel\u00f6v\u00e9s is szerepel.<\/div>\n\n\n\n<div class=\"gspb_button_wrapper gspb_button-id-gsbp-489e23f\" id=\"gspb_button-id-gsbp-489e23f\"><a class=\"wp-block-greenshift-blocks-buttonbox gspb-buttonbox wp-element-button\" rel=\"noopener\"><span class=\"gspb-buttonbox-textwrap\"><span class=\"gspb-buttonbox-text\"><span class=\"gspb-buttonbox-title\">Tudj meg t\u00f6bbet<\/span><\/span><span class=\"gspb-buttonbox-icon\"><svg xmlns=\"http:\/\/www.w3.org\/2000\/svg\" style=\"width:5rem;height:5rem;margin:10px\" viewbox=\"0 0 20 13.549\">\n  <path d=\"M19.755 7.402c-.015.018-.02.04-.037.057l-5.806 5.806a.965.965 0 0 1-1.369 0 .967.967 0 0 1 0-1.368l4.155-4.155H.968a.968.968 0 1 1 0-1.935h15.73l-4.155-4.155A.967.967 0 1 1 13.912.284l5.806 5.806c.02.02.028.047.046.069a.957.957 0 0 1 .162.244c.099.237.099.505 0 .743a.96.96 0 0 1-.17.256Z\"><\/path>\n<\/svg><\/span><\/span><\/a><\/div>\n<\/div>\n\n\n\n<div class=\"wp-block-greenshift-blocks-row-column gspb_row__col--6 gspb_col-id-gsbp-c0774bd\" id=\"gspb_col-id-gsbp-c0774bd\">\n<div class=\"wp-block-greenshift-blocks-image gspb_image gspb_image-id-gsbp-f86ed57\" id=\"gspb_image-id-gsbp-f86ed57\"><img decoding=\"async\" src=\"https:\/\/zbranebudai.sk\/wp-content\/uploads\/2024\/11\/hikmicro_fegyveren-1536x717-1.webp\" data-src=\"\" alt=\"\" loading=\"lazy\" width=\"1536\" height=\"717\"\/><\/div>\n<\/div>\n <\/div><\/div>","protected":false},"excerpt":{"rendered":"","protected":false},"author":1,"featured_media":0,"parent":0,"menu_order":0,"comment_status":"closed","ping_status":"closed","template":"","meta":{"_gspb_post_css":".gspb_container-id-gsbp-bdd2e83{flex-direction:column;box-sizing:border-box}#gspb_container-id-gsbp-2bf8d53.gspb_container>p:last-of-type,#gspb_container-id-gsbp-bdd2e83.gspb_container>p:last-of-type,#gspb_container-id-gsbp-e96993f.gspb_container>p:last-of-type{margin-bottom:0}#gspb_container-id-gsbp-bdd2e83.gspb_container{position:relative;display:flex;flex-direction:column;justify-content:center;align-items:center;margin-top:50px;margin-bottom:60px;overflow:hidden}@media (max-width:991.98px){#gspb_container-id-gsbp-bdd2e83.gspb_container{margin-top:30px;margin-bottom:40px}}#gspb_container-id-gsbp-bdd2e83.gspb_container,#gspb_container-id-gsbp-bdd2e83.gspb_container>.gspb_backgroundOverlay{border-top-left-radius:30px;border-top-right-radius:30px;border-bottom-right-radius:30px;border-bottom-left-radius:30px}@media (max-width:991.98px){#gspb_container-id-gsbp-bdd2e83.gspb_container{border-top-left-radius:20px;border-top-right-radius:20px;border-bottom-right-radius:20px;border-bottom-left-radius:20px}}@media (max-width:991.98px){#gspb_container-id-gsbp-bdd2e83.gspb_container>.gspb_backgroundOverlay{border-top-left-radius:20px;border-top-right-radius:20px;border-bottom-right-radius:20px;border-bottom-left-radius:20px}}#gspb_container-id-gsbp-bdd2e83.gspb_container{background-size:cover;background-repeat:no-repeat;background-position:52% 31%;background-image:url(https:\/\/zbranebudai.sk\/wp-content\/uploads\/2024\/11\/zbrane_budai_uzlet.webp);isolation:isolate;height:350px}#gspb_container-id-gsbp-bdd2e83.gspb_container:hover{background-size:cover}#gspb_container-id-gsbp-bdd2e83.gspb_container>.gspb_backgroundOverlay{position:absolute;top:0;left:0;width:100%;height:100%;z-index:-1;opacity:1;background-color:#15242082}@media (max-width:991.98px){#gspb_container-id-gsbp-bdd2e83.gspb_container{height:300px}}#gspb_heading-id-gsbp-55f1c58{font-size:25px;text-align:center!important;margin:0 auto 40px;max-width:800px}#gspb_heading-id-gsbp-55f1c58 .gsap-g-line{text-align:center!important}#gspb_row-id-gsbp-0537563{justify-content:space-between;margin-top:0;display:flex;flex-wrap:wrap;margin-bottom:50px}#gspb_row-id-gsbp-0537563>.gspb_row__content{display:flex;justify-content:space-between;margin:0 auto;width:100%;flex-wrap:wrap}div[id^=gspb_col-id]{box-sizing:border-box;position:relative;padding:15px min(3vw,20px)}@media (max-width:575.98px){#gspb_row-id-gsbp-0537563>.gspb_row__content{row-gap:25px}}#gspb_col-id-gsbp-bbce5a3.gspb_row__col--6{width:calc(50% - 25px)}@media (max-width:991.98px){#gspb_col-id-gsbp-bbce5a3.gspb_row__col--6{width:calc(50% - 25px)}}@media (max-width:767.98px){#gspb_col-id-gsbp-bbce5a3.gspb_row__col--6{width:calc(50% - 25px)}}@media (max-width:575.98px){#gspb_col-id-gsbp-bbce5a3.gspb_row__col--6{width:100%}}.gspb_row #gspb_col-id-gsbp-6e88949.gspb_row__col--6,.gspb_row #gspb_col-id-gsbp-bbce5a3.gspb_row__col--6{padding:0}@media (max-width:575.98px){.gspb_text-id-gsbp-d53ce0e,.gspb_text-id-gsbp-d53ce0e .gsap-g-line{text-align:center!important}}#gspb_col-id-gsbp-6e88949.gspb_row__col--6{width:calc(50% - 25px)}@media (max-width:991.98px){#gspb_col-id-gsbp-6e88949.gspb_row__col--6{width:calc(50% - 25px)}}@media (max-width:767.98px){#gspb_col-id-gsbp-6e88949.gspb_row__col--6{width:calc(50% - 25px)}}@media (max-width:575.98px){#gspb_col-id-gsbp-6e88949.gspb_row__col--6{width:100%}}@media (max-width:575.98px){.gspb_text-id-gsbp-dddf9a5,.gspb_text-id-gsbp-dddf9a5 .gsap-g-line{text-align:center!important}}.gs-video{position:relative}.gs-video-wrapper{position:relative;height:inherit;max-width:100%}.gs-video-header{text-align:center}.gs-video-header .gs-video-header-title{font-size:24px;line-height:1.3;font-weight:700;margin:0 0 15px}.gs-video-header .gs-video-header-description{font-size:16px;line-height:1.5;margin:0 0 25px}.gs-video video{display:block}.gs-video .gs-video-element,.gs-video .gs-video-wrapper iframe{width:100%;height:100%;object-fit:cover;border:0}.gs-video .gs-video-wrapper iframe{aspect-ratio:16\/9;display:block}.gs-video-overlay{position:absolute;left:0;top:0;width:100%;height:100%;z-index:3;background-color:rgba(0,0,0,.1);background-size:cover;background-position:center;background-repeat:no-repeat;cursor:pointer}.gs-video-overlay .gs-overlay-color{position:absolute;left:0;top:0;width:100%;height:100%;z-index:2}.gs-video-overlay:hover .gs-play-icon{opacity:1}.gs-video-popup .slbContentOuter{width:100%;max-width:1000px}.gs-video-popup .slbContentOuter .slbContent iframe,.gs-video-popup .slbContentOuter .slbContent video{width:100%;height:100%;object-fit:cover}#gs-video-gsbp-9547740 .gs-video-wrapper,.gs-video-popup .slbContentOuter .slbContent iframe{aspect-ratio:16\/9}.gs-video-popup .slbCloseBtn{font-size:30px;width:40px;height:40px;line-height:40px;right:0;top:-50px}#gs-video-gsbp-9547740 svg{height:50px!important;width:50px!important;min-width:50px!important;fill:#fff!important;margin:0!important}#gs-video-gsbp-9547740 svg path{fill:#fff!important}.gs-video-overlay .gs-play-icon-custom{position:absolute;left:50%;top:50%;transform:translate(-50%,-50%);transition:all .3s ease;z-index:3;display:flex}#gs-video-gsbp-9547740.gs-video .gs-video-wrapper iframe,#gs-video-gsbp-9547740.gs-video .gs-video-wrapper video{object-fit:cover}#gs-video-gsbp-9547740{margin-bottom:100px}@media (max-width:991.98px){#gs-video-gsbp-9547740{margin-bottom:80px}}#gs-video-gsbp-9547740 .gs-video-wrapper .gs-overlay-color,#gs-video-gsbp-9547740 .gs-video-wrapper .gs-overlay-image,#gs-video-gsbp-9547740 .gs-video-wrapper .gs-video-overlay,#gs-video-gsbp-9547740 .gs-video-wrapper iframe,#gs-video-gsbp-9547740 .gs-video-wrapper video,#gspb_image-id-gsbp-f21725c img,#gspb_image-id-gsbp-f86ed57 img,.gs-video-gsbp-9547740 .slbContentOuter .slbContent iframe,.gs-video-gsbp-9547740 .slbContentOuter .slbContent video{border-top-left-radius:20px;border-top-right-radius:20px;border-bottom-right-radius:20px;border-bottom-left-radius:20px}#gs-video-gsbp-9547740 .gs-video-wrapper{height:500px}@media (max-width:991.98px){#gs-video-gsbp-9547740 .gs-video-wrapper{height:400px}}@media (max-width:575.98px){#gs-video-gsbp-9547740 .gs-video-wrapper{height:300px}}#gs-video-gsbp-9547740 .gs-video-wrapper{width:100%}.gspb_container-id-gsbp-2bf8d53{flex-direction:column;box-sizing:border-box}#gspb_container-id-gsbp-2bf8d53.gspb_container{position:relative;display:flex;flex-direction:column;align-items:center;margin-bottom:50px}@media (max-width:991.98px){#gspb_container-id-gsbp-2bf8d53.gspb_container{margin-bottom:40px}}#gspb_heading-id-gsbp-b352ba4{font-size:25px;margin-top:0}.gspb_text-id-gsbp-4c722aa,.gspb_text-id-gsbp-4c722aa .gsap-g-line{text-align:center!important}.gspb_text-id-gsbp-4c722aa{max-width:550px}#gspb_row-id-gsbp-f1d35d1{justify-content:space-between;margin-top:0;display:flex;flex-wrap:wrap;margin-bottom:100px}#gspb_row-id-gsbp-f1d35d1>.gspb_row__content{display:flex;margin:0 auto;width:100%;flex-wrap:wrap;row-gap:30px;justify-content:center}body.gspb-bodyfront #gspb_row-id-gsbp-0537563>.gspb_row__content,body.gspb-bodyfront #gspb_row-id-gsbp-f1d35d1>.gspb_row__content{width:var(--theme-container-width, 1200px);max-width:var(--theme-normal-container-max-width, 1200px)}@media (max-width:991.98px){#gspb_row-id-gsbp-f1d35d1{margin-bottom:80px}}#gspb_col-id-gsbp-dc70936.gspb_row__col--4{width:calc(33.333333333333336% - 15px)}@media (max-width:991.98px){#gspb_col-id-gsbp-dc70936.gspb_row__col--4{width:calc(33.333333333333336% - 15px)}}@media (max-width:767.98px){#gspb_col-id-gsbp-dc70936.gspb_row__col--4{width:calc(33.333333333333336% - 15px)}}@media (max-width:575.98px){#gspb_col-id-gsbp-dc70936.gspb_row__col--4{width:100%}}.gspb_row #gspb_col-id-gsbp-dc70936.gspb_row__col--4{padding:0}#gspb_image-id-gsbp-f21725c img,#gspb_image-id-gsbp-f86ed57 img{vertical-align:top;display:inline-block;box-sizing:border-box;max-width:100%;height:auto}.gspb_container-id-gsbp-e96993f{flex-direction:column;box-sizing:border-box}#gspb_container-id-gsbp-e96993f.gspb_container{position:relative;padding:10px 20px;background-color:var(--wp--preset--color--palette-color-8, var(--theme-palette-color-8, #ffffff))}body.gspb-bodyfront #gspb_container-id-gsbp-e96993f.gspb_container{position:absolute;bottom:30px;left:30px}@media (max-width:991.98px){body.gspb-bodyfront #gspb_container-id-gsbp-e96993f.gspb_container{bottom:20px;left:20px}}#gspb_container-id-gsbp-e96993f.gspb_container,#gspb_container-id-gsbp-e96993f.gspb_container>.gspb_backgroundOverlay{border-top-left-radius:10px;border-top-right-radius:10px;border-bottom-right-radius:10px;border-bottom-left-radius:10px}body.gspb-bodyfront #gspb_container-id-gsbp-e96993f.gspb_container{max-width:fit-content}#gspb_heading-id-gsbp-9e0b0b8{margin-top:0;margin-bottom:0}#gspb_row-id-gsbp-472aee0{justify-content:space-between;margin-top:0;display:flex;flex-wrap:wrap;align-content:center;margin-bottom:100px}#gspb_row-id-gsbp-472aee0>.gspb_row__content{display:flex;justify-content:space-between;margin:0 auto;width:100%;flex-wrap:wrap}.gspb_row{position:relative}@media (max-width:575.98px){#gspb_row-id-gsbp-472aee0>.gspb_row__content{row-gap:50px}}#gspb_row-id-gsbp-472aee0>.gspb_row__content{align-items:center}body.gspb-bodyfront #gspb_row-id-gsbp-472aee0>.gspb_row__content{width:var(--theme-container-width, 1200px);max-width:var(--theme-normal-container-max-width, 1200px)}@media (max-width:991.98px){#gspb_row-id-gsbp-472aee0{margin-bottom:80px}}#gspb_col-id-gsbp-7cd92c2.gspb_row__col--6{width:calc(50% - 25px)}@media (max-width:991.98px){#gspb_col-id-gsbp-7cd92c2.gspb_row__col--6{width:calc(50% - 25px)}}@media (max-width:767.98px){#gspb_col-id-gsbp-7cd92c2.gspb_row__col--6{width:calc(50% - 25px)}}@media (max-width:575.98px){#gspb_col-id-gsbp-7cd92c2.gspb_row__col--6{width:100%}}@media (min-width:992px){body.gspb-bodyfront #gspb_col-id-gsbp-7cd92c2.gspb_row__col--6{width:calc(40% - 0px - 25px)}}.gspb_row #gspb_col-id-gsbp-7cd92c2.gspb_row__col--6{padding:0}#gspb_heading-id-gsbp-3e538a3{font-size:25px}@media (max-width:575.98px){#gspb_heading-id-gsbp-3e538a3,#gspb_heading-id-gsbp-3e538a3 .gsap-g-line{text-align:center!important}}#gspb_heading-id-gsbp-3e538a3{margin-top:0}@media (max-width:575.98px){.gspb_text-id-gsbp-97564a5,.gspb_text-id-gsbp-97564a5 .gsap-g-line{text-align:center!important}}.gspb_text-id-gsbp-97564a5{margin-bottom:40px!important}#gspb_button-id-gsbp-489e23f{display:flex;justify-content:flex-start}#gspb_button-id-gsbp-489e23f .gspb-buttonbox-text{display:flex;flex-direction:column}#gspb_button-id-gsbp-489e23f>.gspb-buttonbox{box-sizing:border-box}#gspb_button-id-gsbp-489e23f>.gspb-buttonbox>.gspb-buttonbox-textwrap>.gspb-buttonbox-icon{display:flex}#gspb_button-id-gsbp-489e23f>.gspb-buttonbox .gspb-buttonbox-icon svg{height:15px!important;width:15px!important;min-width:15px!important;fill:currentColor!important;margin:0!important}#gspb_button-id-gsbp-489e23f>.gspb-buttonbox .gspb-buttonbox-icon svg path{fill:currentColor!important}#gspb_button-id-gsbp-489e23f>.gspb-buttonbox>.gspb-buttonbox-textwrap{display:flex;flex-direction:row;align-items:center}#gspb_button-id-gsbp-489e23f .gspb-buttonbox-icon{margin-left:13px}@media (max-width:575.98px){#gspb_button-id-gsbp-489e23f{justify-content:center}}#gspb_col-id-gsbp-c0774bd.gspb_row__col--6{width:calc(50% - 25px)}@media (max-width:991.98px){#gspb_col-id-gsbp-c0774bd.gspb_row__col--6{width:calc(50% - 25px)}}@media (max-width:767.98px){#gspb_col-id-gsbp-c0774bd.gspb_row__col--6{width:calc(50% - 25px)}}@media (max-width:575.98px){#gspb_col-id-gsbp-c0774bd.gspb_row__col--6{width:100%}}@media (min-width:992px){body.gspb-bodyfront #gspb_col-id-gsbp-c0774bd.gspb_row__col--6{width:calc(60% - 0px - 25px)}}.gspb_row #gspb_col-id-gsbp-c0774bd.gspb_row__col--6{padding:0}#gspb_image-id-gsbp-f86ed57 img{object-position:48% 42%;border-top-left-radius:25px;border-top-right-radius:25px;border-bottom-right-radius:25px;border-bottom-left-radius:25px}","footnotes":""},"class_list":["post-16","page","type-page","status-publish","hentry"],"blocksy_meta":{"has_hero_section":"disabled","vertical_spacing_source":"custom","content_area_spacing":"none","styles_descriptor":{"styles":{"desktop":"","tablet":"","mobile":""},"google_fonts":[],"version":6}},"_links":{"self":[{"href":"https:\/\/zbranebudai.sk\/hu\/wp-json\/wp\/v2\/pages\/16","targetHints":{"allow":["GET"]}}],"collection":[{"href":"https:\/\/zbranebudai.sk\/hu\/wp-json\/wp\/v2\/pages"}],"about":[{"href":"https:\/\/zbranebudai.sk\/hu\/wp-json\/wp\/v2\/types\/page"}],"author":[{"embeddable":true,"href":"https:\/\/zbranebudai.sk\/hu\/wp-json\/wp\/v2\/users\/1"}],"replies":[{"embeddable":true,"href":"https:\/\/zbranebudai.sk\/hu\/wp-json\/wp\/v2\/comments?post=16"}],"version-history":[{"count":6,"href":"https:\/\/zbranebudai.sk\/hu\/wp-json\/wp\/v2\/pages\/16\/revisions"}],"predecessor-version":[{"id":2679,"href":"https:\/\/zbranebudai.sk\/hu\/wp-json\/wp\/v2\/pages\/16\/revisions\/2679"}],"wp:attachment":[{"href":"https:\/\/zbranebudai.sk\/hu\/wp-json\/wp\/v2\/media?parent=16"}],"curies":[{"name":"wp","href":"https:\/\/api.w.org\/{rel}","templated":true}]}}